{"id":2483,"date":"2024-10-12T16:34:22","date_gmt":"2024-10-12T16:34:22","guid":{"rendered":"https:\/\/meapasionaviajar.com\/?page_id=2483"},"modified":"2024-12-10T21:57:36","modified_gmt":"2024-12-11T02:57:36","slug":"quienes-somos","status":"publish","type":"page","link":"https:\/\/sofi.pe\/navidad\/quienes-somos\/","title":{"rendered":"Quienes Somos"},"content":{"rendered":"\t\t<div data-elementor-type=\"wp-page\" data-elementor-id=\"2483\" class=\"elementor elementor-2483\">\n\t\t\t\t\t\t<section class=\"elementor-section elementor-top-section elementor-element elementor-element-690a87fb elementor-section-boxed elementor-section-height-default elementor-section-height-default\" data-id=\"690a87fb\" data-element_type=\"section\">\n\t\t\t\t\t\t<div class=\"elementor-container elementor-column-gap-extended\">\n\t\t\t\t\t<div class=\"elementor-column elementor-col-100 elementor-top-column elementor-element elementor-element-7f7f565\" data-id=\"7f7f565\" data-element_type=\"column\">\n\t\t\t<div class=\"elementor-widget-wrap elementor-element-populated\">\n\t\t\t\t\t\t<div class=\"elementor-element elementor-element-3f3a4c1 elementor-widget elementor-widget-heading\" data-id=\"3f3a4c1\" data-element_type=\"widget\" data-widget_type=\"heading.default\">\n\t\t\t\t<div class=\"elementor-widget-container\">\n\t\t\t<h1 class=\"elementor-heading-title elementor-size-default\">Tienda virtual de regalos<\/h1>\t\t<\/div>\n\t\t\t\t<\/div>\n\t\t\t\t\t<\/div>\n\t\t<\/div>\n\t\t\t\t\t<\/div>\n\t\t<\/section>\n\t\t\t\t<section class=\"elementor-section elementor-top-section elementor-element elementor-element-5aabac9 elementor-section-full_width elementor-section-height-default elementor-section-height-default\" data-id=\"5aabac9\" data-element_type=\"section\">\n\t\t\t\t\t\t<div class=\"elementor-container elementor-column-gap-extended\">\n\t\t\t\t\t<div class=\"elementor-column elementor-col-100 elementor-top-column elementor-element elementor-element-2c22089\" data-id=\"2c22089\" data-element_type=\"column\">\n\t\t\t<div class=\"elementor-widget-wrap elementor-element-populated\">\n\t\t\t\t\t\t<div class=\"elementor-element elementor-element-27f6db9 elementor-widget elementor-widget-image\" data-id=\"27f6db9\" data-element_type=\"widget\" data-widget_type=\"image.default\">\n\t\t\t\t<div class=\"elementor-widget-container\">\n\t\t\t\t\t\t\t\t\t\t\t\t\t<img fetchpriority=\"high\" decoding=\"async\" width=\"1024\" height=\"341\" src=\"https:\/\/sofi.pe\/navidad\/wp-content\/uploads\/2024\/12\/tienda-de-regalos-sofi-1024x341.jpg\" class=\"attachment-large size-large wp-image-3910\" alt=\"\" srcset=\"https:\/\/sofi.pe\/navidad\/wp-content\/uploads\/2024\/12\/tienda-de-regalos-sofi-1024x341.jpg 1024w, https:\/\/sofi.pe\/navidad\/wp-content\/uploads\/2024\/12\/tienda-de-regalos-sofi-300x100.jpg 300w, https:\/\/sofi.pe\/navidad\/wp-content\/uploads\/2024\/12\/tienda-de-regalos-sofi-768x256.jpg 768w, https:\/\/sofi.pe\/navidad\/wp-content\/uploads\/2024\/12\/tienda-de-regalos-sofi-1536x512.jpg 1536w, https:\/\/sofi.pe\/navidad\/wp-content\/uploads\/2024\/12\/tienda-de-regalos-sofi-350x117.jpg 350w, https:\/\/sofi.pe\/navidad\/wp-content\/uploads\/2024\/12\/tienda-de-regalos-sofi-680x227.jpg 680w, https:\/\/sofi.pe\/navidad\/wp-content\/uploads\/2024\/12\/tienda-de-regalos-sofi.jpg 1600w\" sizes=\"(max-width: 1024px) 100vw, 1024px\" \/>\t\t\t\t\t\t\t\t\t\t\t\t\t<\/div>\n\t\t\t\t<\/div>\n\t\t\t\t\t<\/div>\n\t\t<\/div>\n\t\t\t\t\t<\/div>\n\t\t<\/section>\n\t\t\t\t<section class=\"elementor-section elementor-top-section elementor-element elementor-element-f0deb9b elementor-section-boxed elementor-section-height-default elementor-section-height-default\" data-id=\"f0deb9b\" data-element_type=\"section\">\n\t\t\t\t\t\t<div class=\"elementor-container elementor-column-gap-extended\">\n\t\t\t\t\t<div class=\"elementor-column elementor-col-50 elementor-top-column elementor-element elementor-element-4510e312\" data-id=\"4510e312\" data-element_type=\"column\">\n\t\t\t<div class=\"elementor-widget-wrap elementor-element-populated\">\n\t\t\t\t\t\t<div class=\"elementor-element elementor-element-6525f054 elementor-widget-divider--view-line elementor-widget elementor-widget-divider\" data-id=\"6525f054\" data-element_type=\"widget\" data-widget_type=\"divider.default\">\n\t\t\t\t<div class=\"elementor-widget-container\">\n\t\t\t\t\t<div class=\"elementor-divider\">\n\t\t\t<span class=\"elementor-divider-separator\">\n\t\t\t\t\t\t<\/span>\n\t\t<\/div>\n\t\t\t\t<\/div>\n\t\t\t\t<\/div>\n\t\t\t\t\t<\/div>\n\t\t<\/div>\n\t\t\t\t<div class=\"elementor-column elementor-col-50 elementor-top-column elementor-element elementor-element-3a38e140 elementor-hidden-phone\" data-id=\"3a38e140\" data-element_type=\"column\">\n\t\t\t<div class=\"elementor-widget-wrap elementor-element-populated\">\n\t\t\t\t\t\t<div class=\"elementor-element elementor-element-648c27b2 elementor-widget-divider--view-line elementor-widget elementor-widget-divider\" data-id=\"648c27b2\" data-element_type=\"widget\" data-widget_type=\"divider.default\">\n\t\t\t\t<div class=\"elementor-widget-container\">\n\t\t\t\t\t<div class=\"elementor-divider\">\n\t\t\t<span class=\"elementor-divider-separator\">\n\t\t\t\t\t\t<\/span>\n\t\t<\/div>\n\t\t\t\t<\/div>\n\t\t\t\t<\/div>\n\t\t\t\t\t<\/div>\n\t\t<\/div>\n\t\t\t\t\t<\/div>\n\t\t<\/section>\n\t\t\t\t<section class=\"elementor-section elementor-top-section elementor-element elementor-element-2f699297 elementor-section-boxed elementor-section-height-default elementor-section-height-default\" data-id=\"2f699297\" data-element_type=\"section\">\n\t\t\t\t\t\t<div class=\"elementor-container elementor-column-gap-extended\">\n\t\t\t\t\t<div class=\"elementor-column elementor-col-100 elementor-top-column elementor-element elementor-element-35b1553c\" data-id=\"35b1553c\" data-element_type=\"column\">\n\t\t\t<div class=\"elementor-widget-wrap elementor-element-populated\">\n\t\t\t\t\t\t<div class=\"elementor-element elementor-element-b4dffb5 elementor-widget elementor-widget-text-editor\" data-id=\"b4dffb5\" data-element_type=\"widget\" data-widget_type=\"text-editor.default\">\n\t\t\t\t<div class=\"elementor-widget-container\">\n\t\t\t\t\t\t\t<p>Somos la tienda Sofi.pe Disponemos de lindos detalles con art\u00edculos de belleza, cuidado personal, en presentaciones de ramos, box y cajas para celebrar cumplea\u00f1os, aniversario, San Valent\u00edn, el d\u00eda de la Madre y el d\u00eda del padre.<\/p><p>Desde sus inicios www.sofi.pe es administrado por Arpanet S.A. con RUC: 20535866784, empresa que ha desempe\u00f1ado por m\u00e1s de 12 a\u00f1os el desarrollo de comercio electr\u00f3nico, y publicidad digital en el Per\u00fa.<\/p><h4 class=\"elementor-heading-title elementor-size-default\">M\u00e9todos de pago<\/h4><p>Contamos con m\u00e9todos de pagos seguros y r\u00e1pidos, entre ellos contamos con: Pago con tarjeta de cr\u00e9dito, pago con tarjeta de d\u00e9bito, pago contra entrega y store pickup (compra online y recoge en tienda). Visita nuestras redes sociales: Facebook, Instagram, Youtube y encuentra novedades, promociones, descuentos y mucho m\u00e1s.<\/p><p><strong>Tel\u00e9fono \/ Whatsapp:<\/strong><br \/>975 580 197<\/p><p><strong>Oficina<\/strong>:\u00a0<br \/>Calle Do\u00f1a Nelly 318 Santiago de Surco \u2013 Lima \u2013 Per\u00fa.<\/p><p><strong>Horario de Atenci\u00f3n<\/strong>\u00a0(previa cita)<br \/>De lunes a viernes de 10 am a 6 pm.<\/p>\t\t\t\t\t\t<\/div>\n\t\t\t\t<\/div>\n\t\t\t\t\t<\/div>\n\t\t<\/div>\n\t\t\t\t\t<\/div>\n\t\t<\/section>\n\t\t\t\t<\/div>\n\t\t","protected":false},"excerpt":{"rendered":"<p>Tienda virtual de regalos Somos la tienda Sofi.pe Disponemos de lindos detalles con art\u00edculos de belleza, cuidado personal, en presentaciones de ramos, box y cajas para celebrar cumplea\u00f1os, aniversario, San Valent\u00edn, el d\u00eda de la Madre y el d\u00eda del padre. Desde sus inicios www.sofi.pe es administrado por Arpanet S.A. con RUC: 20535866784, empresa que &hellip;<\/p>\n","protected":false},"author":1,"featured_media":0,"parent":0,"menu_order":0,"comment_status":"closed","ping_status":"closed","template":"","meta":{"inline_featured_image":false,"_joinchat":[],"footnotes":""},"class_list":["post-2483","page","type-page","status-publish","hentry"],"_links":{"self":[{"href":"https:\/\/sofi.pe\/navidad\/wp-json\/wp\/v2\/pages\/2483","targetHints":{"allow":["GET"]}}],"collection":[{"href":"https:\/\/sofi.pe\/navidad\/wp-json\/wp\/v2\/pages"}],"about":[{"href":"https:\/\/sofi.pe\/navidad\/wp-json\/wp\/v2\/types\/page"}],"author":[{"embeddable":true,"href":"https:\/\/sofi.pe\/navidad\/wp-json\/wp\/v2\/users\/1"}],"replies":[{"embeddable":true,"href":"https:\/\/sofi.pe\/navidad\/wp-json\/wp\/v2\/comments?post=2483"}],"version-history":[{"count":34,"href":"https:\/\/sofi.pe\/navidad\/wp-json\/wp\/v2\/pages\/2483\/revisions"}],"predecessor-version":[{"id":3916,"href":"https:\/\/sofi.pe\/navidad\/wp-json\/wp\/v2\/pages\/2483\/revisions\/3916"}],"wp:attachment":[{"href":"https:\/\/sofi.pe\/navidad\/wp-json\/wp\/v2\/media?parent=2483"}],"curies":[{"name":"wp","href":"https:\/\/api.w.org\/{rel}","templated":true}]}}